{"id":143,"date":"2025-07-01T19:24:01","date_gmt":"2025-07-01T18:24:01","guid":{"rendered":"https:\/\/bluwy.si\/index.php\/kubio-page\/"},"modified":"2025-07-02T19:16:59","modified_gmt":"2025-07-02T18:16:59","slug":"home-page-2","status":"publish","type":"page","link":"https:\/\/bluwy.si\/","title":{"rendered":"Home Page"},"content":{"rendered":"\n\n\n\n\n\n\n\n\n\n\n\n","protected":false},"excerpt":{"rendered":"","protected":false},"author":1,"featured_media":0,"parent":0,"menu_order":0,"comment_status":"closed","ping_status":"closed","template":"kubio-full-width","meta":{"saved_in_kubio":true,"footnotes":""},"class_list":["post-143","page","type-page","status-publish","hentry"],"kubio_ai_page_context":{"short_desc":"","purpose":"general"},"yoast_head":"<!-- This site is optimized with the Yoast SEO plugin v25.4 - https:\/\/yoast.com\/wordpress\/plugins\/seo\/ -->\n<title>BLUWY | Samopostre\u017ena pralnica perila<\/title>\n<meta name=\"description\" content=\"BLUWY je samopostre\u017ena pralnica perila, kjer \u010disto\u010da ni naklju\u010dje! Operite svoje perilo kadarkoli med 6. in 22. uro, saj smo odprti vse dni v letu!\" \/>\n<meta name=\"robots\" content=\"index, follow, max-snippet:-1, max-image-preview:large, max-video-preview:-1\" \/>\n<link rel=\"canonical\" href=\"https:\/\/bluwy.si\/\" \/>\n<meta property=\"og:locale\" content=\"en_US\" \/>\n<meta property=\"og:type\" content=\"article\" \/>\n<meta property=\"og:title\" content=\"BLUWY | Samopostre\u017ena pralnica perila\" \/>\n<meta property=\"og:description\" content=\"BLUWY je samopostre\u017ena pralnica perila, kjer \u010disto\u010da ni naklju\u010dje! Operite svoje perilo kadarkoli med 6. in 22. uro, saj smo odprti vse dni v letu!\" \/>\n<meta property=\"og:url\" content=\"https:\/\/bluwy.si\/\" \/>\n<meta property=\"og:site_name\" content=\"BLUWY | Samopostre\u017ena pralnica perila\" \/>\n<meta property=\"article:modified_time\" content=\"2025-07-02T18:16:59+00:00\" \/>\n<meta property=\"og:image\" content=\"https:\/\/i0.wp.com\/bluwy.si\/wp-content\/uploads\/2025\/07\/logo-1.png?fit=695%2C283&ssl=1\" \/>\n\t<meta property=\"og:image:width\" content=\"695\" \/>\n\t<meta property=\"og:image:height\" content=\"283\" \/>\n\t<meta property=\"og:image:type\" content=\"image\/png\" \/>\n<meta name=\"twitter:card\" content=\"summary_large_image\" \/>\n<script type=\"application\/ld+json\" class=\"yoast-schema-graph\">{\"@context\":\"https:\/\/schema.org\",\"@graph\":[{\"@type\":\"WebPage\",\"@id\":\"https:\/\/bluwy.si\/\",\"url\":\"https:\/\/bluwy.si\/\",\"name\":\"BLUWY | Samopostre\u017ena pralnica perila\",\"isPartOf\":{\"@id\":\"https:\/\/bluwy.si\/#website\"},\"datePublished\":\"2025-07-01T18:24:01+00:00\",\"dateModified\":\"2025-07-02T18:16:59+00:00\",\"description\":\"BLUWY je samopostre\u017ena pralnica perila, kjer \u010disto\u010da ni naklju\u010dje! Operite svoje perilo kadarkoli med 6. in 22. uro, saj smo odprti vse dni v letu!\",\"breadcrumb\":{\"@id\":\"https:\/\/bluwy.si\/#breadcrumb\"},\"inLanguage\":\"en-US\",\"potentialAction\":[{\"@type\":\"ReadAction\",\"target\":[\"https:\/\/bluwy.si\/\"]}]},{\"@type\":\"BreadcrumbList\",\"@id\":\"https:\/\/bluwy.si\/#breadcrumb\",\"itemListElement\":[{\"@type\":\"ListItem\",\"position\":1,\"name\":\"Home\",\"item\":\"https:\/\/bluwy.si\/\"},{\"@type\":\"ListItem\",\"position\":2,\"name\":\"Home Page\"}]},{\"@type\":\"WebSite\",\"@id\":\"https:\/\/bluwy.si\/#website\",\"url\":\"https:\/\/bluwy.si\/\",\"name\":\"Samopostre\u017ena pralnica perila BLUWY\",\"description\":\"Samopostre\u017ena pralnica perila\",\"publisher\":{\"@id\":\"https:\/\/bluwy.si\/#organization\"},\"potentialAction\":[{\"@type\":\"SearchAction\",\"target\":{\"@type\":\"EntryPoint\",\"urlTemplate\":\"https:\/\/bluwy.si\/?s={search_term_string}\"},\"query-input\":{\"@type\":\"PropertyValueSpecification\",\"valueRequired\":true,\"valueName\":\"search_term_string\"}}],\"inLanguage\":\"en-US\"},{\"@type\":\"Organization\",\"@id\":\"https:\/\/bluwy.si\/#organization\",\"name\":\"BLUWY\",\"url\":\"https:\/\/bluwy.si\/\",\"logo\":{\"@type\":\"ImageObject\",\"inLanguage\":\"en-US\",\"@id\":\"https:\/\/bluwy.si\/#\/schema\/logo\/image\/\",\"url\":\"https:\/\/i0.wp.com\/bluwy.si\/wp-content\/uploads\/2025\/07\/logo-1-1.png?fit=695%2C283&ssl=1\",\"contentUrl\":\"https:\/\/i0.wp.com\/bluwy.si\/wp-content\/uploads\/2025\/07\/logo-1-1.png?fit=695%2C283&ssl=1\",\"width\":695,\"height\":283,\"caption\":\"BLUWY\"},\"image\":{\"@id\":\"https:\/\/bluwy.si\/#\/schema\/logo\/image\/\"}}]}<\/script>\n<!-- \/ Yoast SEO plugin. -->","yoast_head_json":{"title":"BLUWY | Samopostre\u017ena pralnica perila","description":"BLUWY je samopostre\u017ena pralnica perila, kjer \u010disto\u010da ni naklju\u010dje! Operite svoje perilo kadarkoli med 6. in 22. uro, saj smo odprti vse dni v letu!","robots":{"index":"index","follow":"follow","max-snippet":"max-snippet:-1","max-image-preview":"max-image-preview:large","max-video-preview":"max-video-preview:-1"},"canonical":"https:\/\/bluwy.si\/","og_locale":"en_US","og_type":"article","og_title":"BLUWY | Samopostre\u017ena pralnica perila","og_description":"BLUWY je samopostre\u017ena pralnica perila, kjer \u010disto\u010da ni naklju\u010dje! Operite svoje perilo kadarkoli med 6. in 22. uro, saj smo odprti vse dni v letu!","og_url":"https:\/\/bluwy.si\/","og_site_name":"BLUWY | Samopostre\u017ena pralnica perila","article_modified_time":"2025-07-02T18:16:59+00:00","og_image":[{"width":695,"height":283,"url":"https:\/\/i0.wp.com\/bluwy.si\/wp-content\/uploads\/2025\/07\/logo-1.png?fit=695%2C283&ssl=1","type":"image\/png"}],"twitter_card":"summary_large_image","schema":{"@context":"https:\/\/schema.org","@graph":[{"@type":"WebPage","@id":"https:\/\/bluwy.si\/","url":"https:\/\/bluwy.si\/","name":"BLUWY | Samopostre\u017ena pralnica perila","isPartOf":{"@id":"https:\/\/bluwy.si\/#website"},"datePublished":"2025-07-01T18:24:01+00:00","dateModified":"2025-07-02T18:16:59+00:00","description":"BLUWY je samopostre\u017ena pralnica perila, kjer \u010disto\u010da ni naklju\u010dje! Operite svoje perilo kadarkoli med 6. in 22. uro, saj smo odprti vse dni v letu!","breadcrumb":{"@id":"https:\/\/bluwy.si\/#breadcrumb"},"inLanguage":"en-US","potentialAction":[{"@type":"ReadAction","target":["https:\/\/bluwy.si\/"]}]},{"@type":"BreadcrumbList","@id":"https:\/\/bluwy.si\/#breadcrumb","itemListElement":[{"@type":"ListItem","position":1,"name":"Home","item":"https:\/\/bluwy.si\/"},{"@type":"ListItem","position":2,"name":"Home Page"}]},{"@type":"WebSite","@id":"https:\/\/bluwy.si\/#website","url":"https:\/\/bluwy.si\/","name":"Samopostre\u017ena pralnica perila BLUWY","description":"Samopostre\u017ena pralnica perila","publisher":{"@id":"https:\/\/bluwy.si\/#organization"},"potentialAction":[{"@type":"SearchAction","target":{"@type":"EntryPoint","urlTemplate":"https:\/\/bluwy.si\/?s={search_term_string}"},"query-input":{"@type":"PropertyValueSpecification","valueRequired":true,"valueName":"search_term_string"}}],"inLanguage":"en-US"},{"@type":"Organization","@id":"https:\/\/bluwy.si\/#organization","name":"BLUWY","url":"https:\/\/bluwy.si\/","logo":{"@type":"ImageObject","inLanguage":"en-US","@id":"https:\/\/bluwy.si\/#\/schema\/logo\/image\/","url":"https:\/\/i0.wp.com\/bluwy.si\/wp-content\/uploads\/2025\/07\/logo-1-1.png?fit=695%2C283&ssl=1","contentUrl":"https:\/\/i0.wp.com\/bluwy.si\/wp-content\/uploads\/2025\/07\/logo-1-1.png?fit=695%2C283&ssl=1","width":695,"height":283,"caption":"BLUWY"},"image":{"@id":"https:\/\/bluwy.si\/#\/schema\/logo\/image\/"}}]}},"jetpack_sharing_enabled":true,"_links":{"self":[{"href":"https:\/\/bluwy.si\/index.php\/wp-json\/wp\/v2\/pages\/143","targetHints":{"allow":["GET"]}}],"collection":[{"href":"https:\/\/bluwy.si\/index.php\/wp-json\/wp\/v2\/pages"}],"about":[{"href":"https:\/\/bluwy.si\/index.php\/wp-json\/wp\/v2\/types\/page"}],"author":[{"embeddable":true,"href":"https:\/\/bluwy.si\/index.php\/wp-json\/wp\/v2\/users\/1"}],"replies":[{"embeddable":true,"href":"https:\/\/bluwy.si\/index.php\/wp-json\/wp\/v2\/comments?post=143"}],"version-history":[{"count":145,"href":"https:\/\/bluwy.si\/index.php\/wp-json\/wp\/v2\/pages\/143\/revisions"}],"predecessor-version":[{"id":368,"href":"https:\/\/bluwy.si\/index.php\/wp-json\/wp\/v2\/pages\/143\/revisions\/368"}],"wp:attachment":[{"href":"https:\/\/bluwy.si\/index.php\/wp-json\/wp\/v2\/media?parent=143"}],"curies":[{"name":"wp","href":"https:\/\/api.w.org\/{rel}","templated":true}]}}